{"id":800,"date":"2022-02-23T16:35:15","date_gmt":"2022-02-23T15:35:15","guid":{"rendered":"https:\/\/mediacine.club\/?page_id=800"},"modified":"2026-01-19T15:41:16","modified_gmt":"2026-01-19T14:41:16","slug":"film-nomines-pour-le-grand-prix-cinema-2018","status":"publish","type":"page","link":"https:\/\/mediacine.club\/?page_id=800","title":{"rendered":"LE PRIX DU CLUB"},"content":{"rendered":"\t\t<div data-elementor-type=\"wp-page\" data-elementor-id=\"800\" class=\"elementor elementor-800\" data-elementor-settings=\"[]\">\n\t\t\t\t\t\t\t<div class=\"elementor-section-wrap\">\n\t\t\t\t\t\t\t<section class=\"elementor-section elementor-top-section elementor-element elementor-element-e4ec513 elementor-section-boxed elementor-section-height-default elementor-section-height-default\" data-id=\"e4ec513\" data-element_type=\"section\">\n\t\t\t\t\t\t<div class=\"elementor-container elementor-column-gap-default\">\n\t\t\t\t\t<div class=\"elementor-column elementor-col-100 elementor-top-column elementor-element elementor-element-f277e03\" data-id=\"f277e03\" data-element_type=\"column\">\n\t\t\t<div class=\"elementor-widget-wrap elementor-element-populated\">\n\t\t\t\t\t\t\t\t<div class=\"elementor-element elementor-element-aa34f9c elementor-widget elementor-widget-text-editor\" data-id=\"aa34f9c\" data-element_type=\"widget\" data-widget_type=\"text-editor.default\">\n\t\t\t\t<div class=\"elementor-widget-container\">\n\t\t\t<style>\/*! elementor - v3.5.6 - 28-02-2022 *\/\n.elementor-widget-text-editor.elementor-drop-cap-view-stacked .elementor-drop-cap{background-color:#818a91;color:#fff}.elementor-widget-text-editor.elementor-drop-cap-view-framed .elementor-drop-cap{color:#818a91;border:3px solid;background-color:transparent}.elementor-widget-text-editor:not(.elementor-drop-cap-view-default) .elementor-drop-cap{margin-top:8px}.elementor-widget-text-editor:not(.elementor-drop-cap-view-default) .elementor-drop-cap-letter{width:1em;height:1em}.elementor-widget-text-editor .elementor-drop-cap{float:left;text-align:center;line-height:1;font-size:50px}.elementor-widget-text-editor .elementor-drop-cap-letter{display:inline-block}<\/style>\t\t\t\t<p><span style=\"color: #020202; font-family: Montserrat, sans-serif; font-size: 1.75rem; font-style: normal;\">Pourquoi \u00ab&nbsp;Les Lauriers du Cin\u00e9ma&nbsp;\u00bb ?<\/span><\/p>\n<p style=\"box-sizing: inherit; font-family: Lato, sans-serif; font-style: normal; font-weight: 400; color: #3d3d3d;\"><strong style=\"box-sizing: inherit; font-size: 16px;\">Le Club M\u00e9dia Cin\u00e9<\/strong>, cr\u00e9\u00e9 fin 2014 par&nbsp;<strong style=\"box-sizing: inherit; font-size: 16px;\">Sophie DULAC<\/strong>&nbsp;et&nbsp;<strong style=\"box-sizing: inherit; font-size: 16px;\">Alexandre LICHAN<\/strong>, r\u00e9unit \u00e0 ce jour&nbsp;<strong style=\"box-sizing: inherit; font-size: 16px;\">33 journalistes<\/strong>&nbsp;professionnels du cin\u00e9ma en exercice dans la presse \u00e9crite, l\u2019audiovisuel et le web.<\/p>\n<p style=\"box-sizing: inherit; font-family: Lato, sans-serif; font-style: normal; font-weight: 400; color: #3d3d3d;\">Chaque mois, les journalistes membres du CMC qui forment le jury annuel du Club M\u00e9dia Cin\u00e9 d\u00e9signent \u00e0 la majorit\u00e9 des voix parmi les films sortis en salle&nbsp;un film fran\u00e7ais et un film \u00e9tranger qui entrent dans la s\u00e9lection officielle des films de l\u2019ann\u00e9e.<\/p>\n<p style=\"box-sizing: inherit; font-family: Lato, sans-serif; color: rgb(61, 61, 61);\"><span style=\"font-style: normal; font-weight: 400;\">Remis d\u00e8s le d\u00e9but de l\u2019ann\u00e9e suivante (avant les Oscars et les C\u00e9sars), <\/span><span style=\"font-style: normal;\"><b>Les<\/b><\/span><span style=\"font-style: normal; font-weight: 400;\">&nbsp;<strong style=\"box-sizing: inherit; font-size: 16px;\">Lauriers du Cin\u00e9ma<\/strong>&nbsp;du Club M\u00e9dia Cin\u00e9 ambitionnent de faire r\u00e9f\u00e9rence et de donner le ton, comme ce f\u00fbt le cas, par exemple, en janvier 2020 avec le film \u00ab <\/span>Gr\u00e2ce \u00e0 Dieu<i style=\"\">&nbsp;<\/i>\u00bb du r\u00e9alisateur Fran\u00e7ois OZON<b>&nbsp;<\/b>qui s\u2019\u00e9tait vu attribu\u00e9<span style=\"font-family: Lato, sans-serif; font-size: 1rem;\">&nbsp;par le jury du Club M\u00e9dia Cin\u00e9 le Laurier du Film Fran\u00e7ais, avant d\u2019\u00eatre r\u00e9compens\u00e9 par le&nbsp;<\/span><span style=\"font-family: Lato, sans-serif; font-size: 16px; font-style: normal; font-weight: 400; box-sizing: inherit;\">C\u00e9sar du meilleur film<\/span><span style=\"font-family: Lato, sans-serif; font-size: 1rem;\">.<\/span><\/p>\t\t\t\t\t\t<\/div>\n\t\t\t\t<\/div>\n\t\t\t\t<div class=\"elementor-element elementor-element-ff28955 elementor-widget-divider--view-line elementor-widget elementor-widget-divider\" data-id=\"ff28955\" data-element_type=\"widget\" data-widget_type=\"divider.default\">\n\t\t\t\t<div class=\"elementor-widget-container\">\n\t\t\t<style>\/*! elementor - v3.5.6 - 28-02-2022 *\/\n.elementor-widget-divider{--divider-border-style:none;--divider-border-width:1px;--divider-color:#2c2c2c;--divider-icon-size:20px;--divider-element-spacing:10px;--divider-pattern-height:24px;--divider-pattern-size:20px;--divider-pattern-url:none;--divider-pattern-repeat:repeat-x}.elementor-widget-divider .elementor-divider{display:-webkit-box;display:-ms-flexbox;display:flex}.elementor-widget-divider .elementor-divider__text{font-size:15px;line-height:1;max-width:95%}.elementor-widget-divider .elementor-divider__element{margin:0 var(--divider-element-spacing);-ms-flex-negative:0;flex-shrink:0}.elementor-widget-divider .elementor-icon{font-size:var(--divider-icon-size)}.elementor-widget-divider .elementor-divider-separator{display:-webkit-box;display:-ms-flexbox;display:flex;margin:0;direction:ltr}.elementor-widget-divider--view-line_icon .elementor-divider-separator,.elementor-widget-divider--view-line_text .elementor-divider-separator{-webkit-box-align:center;-ms-flex-align:center;align-items:center}.elementor-widget-divider--view-line_icon .elementor-divider-separator:after,.elementor-widget-divider--view-line_icon .elementor-divider-separator:before,.elementor-widget-divider--view-line_text .elementor-divider-separator:after,.elementor-widget-divider--view-line_text .elementor-divider-separator:before{display:block;content:\"\";border-bottom:0;-webkit-box-flex:1;-ms-flex-positive:1;flex-grow:1;border-top:var(--divider-border-width) var(--divider-border-style) var(--divider-color)}.elementor-widget-divider--element-align-left .elementor-divider .elementor-divider-separator>.elementor-divider__svg:first-of-type{-webkit-box-flex:0;-ms-flex-positive:0;flex-grow:0;-ms-flex-negative:100;flex-shrink:100}.elementor-widget-divider--element-align-left .elementor-divider-separator:before{content:none}.elementor-widget-divider--element-align-left .elementor-divider__element{margin-left:0}.elementor-widget-divider--element-align-right .elementor-divider .elementor-divider-separator>.elementor-divider__svg:last-of-type{-webkit-box-flex:0;-ms-flex-positive:0;flex-grow:0;-ms-flex-negative:100;flex-shrink:100}.elementor-widget-divider--element-align-right .elementor-divider-separator:after{content:none}.elementor-widget-divider--element-align-right .elementor-divider__element{margin-right:0}.elementor-widget-divider:not(.elementor-widget-divider--view-line_text):not(.elementor-widget-divider--view-line_icon) .elementor-divider-separator{border-top:var(--divider-border-width) var(--divider-border-style) var(--divider-color)}.elementor-widget-divider--separator-type-pattern{--divider-border-style:none}.elementor-widget-divider--separator-type-pattern.elementor-widget-divider--view-line .elementor-divider-separator,.elementor-widget-divider--separator-type-pattern:not(.elementor-widget-divider--view-line) .elementor-divider-separator:after,.elementor-widget-divider--separator-type-pattern:not(.elementor-widget-divider--view-line) .elementor-divider-separator:before,.elementor-widget-divider--separator-type-pattern:not([class*=elementor-widget-divider--view]) .elementor-divider-separator{width:100%;min-height:var(--divider-pattern-height);-webkit-mask-size:var(--divider-pattern-size) 100%;mask-size:var(--divider-pattern-size) 100%;-webkit-mask-repeat:var(--divider-pattern-repeat);mask-repeat:var(--divider-pattern-repeat);background-color:var(--divider-color);-webkit-mask-image:var(--divider-pattern-url);mask-image:var(--divider-pattern-url)}.elementor-widget-divider--no-spacing{--divider-pattern-size:auto}.elementor-widget-divider--bg-round{--divider-pattern-repeat:round}.rtl .elementor-widget-divider .elementor-divider__text{direction:rtl}<\/style>\t\t<div class=\"elementor-divider\">\n\t\t\t<span class=\"elementor-divider-separator\">\n\t\t\t\t\t\t<\/span>\n\t\t<\/div>\n\t\t\t\t<\/div>\n\t\t\t\t<\/div>\n\t\t\t\t<div class=\"elementor-element elementor-element-dc0e2d3 elementor-aspect-ratio-169 elementor-widget elementor-widget-video\" data-id=\"dc0e2d3\" data-element_type=\"widget\" data-settings=\"{&quot;youtube_url&quot;:&quot;https:\\\/\\\/youtu.be\\\/1C6jSasHHzU&quot;,&quot;video_type&quot;:&quot;youtube&quot;,&quot;controls&quot;:&quot;yes&quot;,&quot;aspect_ratio&quot;:&quot;169&quot;}\" data-widget_type=\"video.default\">\n\t\t\t\t<div class=\"elementor-widget-container\">\n\t\t\t<style>\/*! elementor - v3.5.6 - 28-02-2022 *\/\n.elementor-widget-video .elementor-widget-container{overflow:hidden;-webkit-transform:translateZ(0);transform:translateZ(0)}.elementor-widget-video .elementor-open-inline .elementor-custom-embed-image-overlay{position:absolute;top:0;left:0;width:100%;height:100%;-webkit-background-size:cover;background-size:cover;background-position:50%}.elementor-widget-video .elementor-custom-embed-image-overlay{cursor:pointer;text-align:center}.elementor-widget-video .elementor-custom-embed-image-overlay:hover .elementor-custom-embed-play i{opacity:1}.elementor-widget-video .elementor-custom-embed-image-overlay img{display:block;width:100%}.elementor-widget-video .e-hosted-video .elementor-video{-o-object-fit:cover;object-fit:cover}<\/style>\t\t<div class=\"elementor-wrapper elementor-fit-aspect-ratio elementor-open-inline\">\n\t\t\t<div class=\"elementor-video\"><\/div>\t\t<\/div>\n\t\t\t\t<\/div>\n\t\t\t\t<\/div>\n\t\t\t\t<div class=\"elementor-element elementor-element-1b14b18 elementor-widget elementor-widget-text-editor\" data-id=\"1b14b18\" data-element_type=\"widget\" data-widget_type=\"text-editor.default\">\n\t\t\t\t<div class=\"elementor-widget-container\">\n\t\t\t\t\t\t\t\t\t\t\t\t\t<\/div>\n\t\t\t\t<\/div>\n\t\t\t\t<section class=\"elementor-section elementor-inner-section elementor-element elementor-element-a67e783 elementor-section-boxed elementor-section-height-default elementor-section-height-default\" data-id=\"a67e783\" data-element_type=\"section\">\n\t\t\t\t\t\t<div class=\"elementor-container elementor-column-gap-default\">\n\t\t\t\t\t\t\t\t<\/div>\n\t\t<\/section>\n\t\t\t\t\t<\/div>\n\t\t<\/div>\n\t\t\t\t\t\t\t<\/div>\n\t\t<\/section>\n\t\t\t\t<section class=\"elementor-section elementor-top-section elementor-element elementor-element-02a305b elementor-section-boxed elementor-section-height-default elementor-section-height-default\" data-id=\"02a305b\" data-element_type=\"section\">\n\t\t\t\t\t\t<div class=\"elementor-container elementor-column-gap-default\">\n\t\t\t\t\t<div class=\"elementor-column elementor-col-20 elementor-top-column elementor-element elementor-element-63f9b08\" data-id=\"63f9b08\" data-element_type=\"column\">\n\t\t\t<div class=\"elementor-widget-wrap elementor-element-populated\">\n\t\t\t\t\t\t\t\t<div class=\"elementor-element elementor-element-5c2bb91 elementor-widget elementor-widget-image\" data-id=\"5c2bb91\" data-element_type=\"widget\" data-widget_type=\"image.default\">\n\t\t\t\t<div class=\"elementor-widget-container\">\n\t\t\t<style>\/*! elementor - v3.5.6 - 28-02-2022 *\/\n.elementor-widget-image{text-align:center}.elementor-widget-image a{display:inline-block}.elementor-widget-image a img[src$=\".svg\"]{width:48px}.elementor-widget-image img{vertical-align:middle;display:inline-block}<\/style>\t\t\t\t\t\t\t\t\t\t\t\t\t<a href=\"https:\/\/mediacine.club\/?page_id=2755\" target=\"_blank\">\n\t\t\t\t\t\t\t<img width=\"269\" height=\"270\" src=\"https:\/\/mediacine.club\/wp-content\/uploads\/2025\/01\/LOGO-LAURIERS-2025.jpg\" class=\"attachment-large size-large\" alt=\"\" loading=\"lazy\" srcset=\"https:\/\/mediacine.club\/wp-content\/uploads\/2025\/01\/LOGO-LAURIERS-2025.jpg 269w, https:\/\/mediacine.club\/wp-content\/uploads\/2025\/01\/LOGO-LAURIERS-2025-150x150.jpg 150w\" sizes=\"(max-width: 269px) 100vw, 269px\" \/>\t\t\t\t\t\t\t\t<\/a>\n\t\t\t\t\t\t\t\t\t\t\t\t\t\t\t<\/div>\n\t\t\t\t<\/div>\n\t\t\t\t<div class=\"elementor-element elementor-element-b78a168 elementor-widget elementor-widget-image\" data-id=\"b78a168\" data-element_type=\"widget\" data-widget_type=\"image.default\">\n\t\t\t\t<div class=\"elementor-widget-container\">\n\t\t\t\t\t\t\t\t\t\t\t\t\t\t\t\t<a href=\"https:\/\/mediacine.club\/?page_id=1551\">\n\t\t\t\t\t\t\t<img width=\"269\" height=\"270\" src=\"https:\/\/mediacine.club\/wp-content\/uploads\/2022\/03\/LOGO-LAURIERS-2020.jpg\" class=\"attachment-large size-large\" alt=\"\" loading=\"lazy\" srcset=\"https:\/\/mediacine.club\/wp-content\/uploads\/2022\/03\/LOGO-LAURIERS-2020.jpg 269w, https:\/\/mediacine.club\/wp-content\/uploads\/2022\/03\/LOGO-LAURIERS-2020-150x150.jpg 150w\" sizes=\"(max-width: 269px) 100vw, 269px\" \/>\t\t\t\t\t\t\t\t<\/a>\n\t\t\t\t\t\t\t\t\t\t\t\t\t\t\t<\/div>\n\t\t\t\t<\/div>\n\t\t\t\t\t<\/div>\n\t\t<\/div>\n\t\t\t\t<div class=\"elementor-column elementor-col-20 elementor-top-column elementor-element elementor-element-9342803\" data-id=\"9342803\" data-element_type=\"column\">\n\t\t\t<div class=\"elementor-widget-wrap elementor-element-populated\">\n\t\t\t\t\t\t\t\t<div class=\"elementor-element elementor-element-5df73eb elementor-widget elementor-widget-image\" data-id=\"5df73eb\" data-element_type=\"widget\" data-widget_type=\"image.default\">\n\t\t\t\t<div class=\"elementor-widget-container\">\n\t\t\t\t\t\t\t\t\t\t\t\t\t\t\t\t<a href=\"https:\/\/mediacine.club\/?page_id=2451\" target=\"_blank\">\n\t\t\t\t\t\t\t<img width=\"269\" height=\"270\" src=\"https:\/\/mediacine.club\/wp-content\/uploads\/2024\/02\/LOGO-LAURIERS-2024.jpg\" class=\"attachment-large size-large\" alt=\"\" loading=\"lazy\" srcset=\"https:\/\/mediacine.club\/wp-content\/uploads\/2024\/02\/LOGO-LAURIERS-2024.jpg 269w, https:\/\/mediacine.club\/wp-content\/uploads\/2024\/02\/LOGO-LAURIERS-2024-150x150.jpg 150w\" sizes=\"(max-width: 269px) 100vw, 269px\" \/>\t\t\t\t\t\t\t\t<\/a>\n\t\t\t\t\t\t\t\t\t\t\t\t\t\t\t<\/div>\n\t\t\t\t<\/div>\n\t\t\t\t<div class=\"elementor-element elementor-element-1a8ebfb elementor-widget elementor-widget-image\" data-id=\"1a8ebfb\" data-element_type=\"widget\" data-widget_type=\"image.default\">\n\t\t\t\t<div class=\"elementor-widget-container\">\n\t\t\t\t\t\t\t\t\t\t\t\t\t\t\t\t<a href=\"https:\/\/mediacine.club\/?page_id=1583\">\n\t\t\t\t\t\t\t<img width=\"269\" height=\"270\" src=\"https:\/\/mediacine.club\/wp-content\/uploads\/2022\/03\/LOGO-LAURIERS-2019.jpg\" class=\"attachment-large size-large\" alt=\"\" loading=\"lazy\" srcset=\"https:\/\/mediacine.club\/wp-content\/uploads\/2022\/03\/LOGO-LAURIERS-2019.jpg 269w, https:\/\/mediacine.club\/wp-content\/uploads\/2022\/03\/LOGO-LAURIERS-2019-150x150.jpg 150w\" sizes=\"(max-width: 269px) 100vw, 269px\" \/>\t\t\t\t\t\t\t\t<\/a>\n\t\t\t\t\t\t\t\t\t\t\t\t\t\t\t<\/div>\n\t\t\t\t<\/div>\n\t\t\t\t\t<\/div>\n\t\t<\/div>\n\t\t\t\t<div class=\"elementor-column elementor-col-20 elementor-top-column elementor-element elementor-element-1adfcc9\" data-id=\"1adfcc9\" data-element_type=\"column\">\n\t\t\t<div class=\"elementor-widget-wrap elementor-element-populated\">\n\t\t\t\t\t\t\t\t<div class=\"elementor-element elementor-element-ca6f678 elementor-widget elementor-widget-image\" data-id=\"ca6f678\" data-element_type=\"widget\" data-widget_type=\"image.default\">\n\t\t\t\t<div class=\"elementor-widget-container\">\n\t\t\t\t\t\t\t\t\t\t\t\t\t\t\t\t<a href=\"https:\/\/mediacine.club\/?page_id=2092\">\n\t\t\t\t\t\t\t<img width=\"269\" height=\"270\" src=\"https:\/\/mediacine.club\/wp-content\/uploads\/2023\/01\/LOGO-LAURIERS-2023-1.jpg\" class=\"attachment-large size-large\" alt=\"\" loading=\"lazy\" srcset=\"https:\/\/mediacine.club\/wp-content\/uploads\/2023\/01\/LOGO-LAURIERS-2023-1.jpg 269w, https:\/\/mediacine.club\/wp-content\/uploads\/2023\/01\/LOGO-LAURIERS-2023-1-150x150.jpg 150w\" sizes=\"(max-width: 269px) 100vw, 269px\" \/>\t\t\t\t\t\t\t\t<\/a>\n\t\t\t\t\t\t\t\t\t\t\t\t\t\t\t<\/div>\n\t\t\t\t<\/div>\n\t\t\t\t<div class=\"elementor-element elementor-element-c7d5c15 elementor-widget elementor-widget-image\" data-id=\"c7d5c15\" data-element_type=\"widget\" data-widget_type=\"image.default\">\n\t\t\t\t<div class=\"elementor-widget-container\">\n\t\t\t\t\t\t\t\t\t\t\t\t\t\t\t\t<a href=\"https:\/\/mediacine.club\/?page_id=1024\">\n\t\t\t\t\t\t\t<img width=\"269\" height=\"270\" src=\"https:\/\/mediacine.club\/wp-content\/uploads\/2022\/03\/LOGO-LAURIERS-2017.jpg\" class=\"attachment-large size-large\" alt=\"\" loading=\"lazy\" srcset=\"https:\/\/mediacine.club\/wp-content\/uploads\/2022\/03\/LOGO-LAURIERS-2017.jpg 269w, https:\/\/mediacine.club\/wp-content\/uploads\/2022\/03\/LOGO-LAURIERS-2017-150x150.jpg 150w\" sizes=\"(max-width: 269px) 100vw, 269px\" \/>\t\t\t\t\t\t\t\t<\/a>\n\t\t\t\t\t\t\t\t\t\t\t\t\t\t\t<\/div>\n\t\t\t\t<\/div>\n\t\t\t\t\t<\/div>\n\t\t<\/div>\n\t\t\t\t<div class=\"elementor-column elementor-col-20 elementor-top-column elementor-element elementor-element-e68ef44\" data-id=\"e68ef44\" data-element_type=\"column\">\n\t\t\t<div class=\"elementor-widget-wrap elementor-element-populated\">\n\t\t\t\t\t\t\t\t<div class=\"elementor-element elementor-element-0c7d5e9 elementor-widget elementor-widget-image\" data-id=\"0c7d5e9\" data-element_type=\"widget\" data-widget_type=\"image.default\">\n\t\t\t\t<div class=\"elementor-widget-container\">\n\t\t\t\t\t\t\t\t\t\t\t\t\t\t\t\t<a href=\"https:\/\/mediacine.club\/?page_id=1623\">\n\t\t\t\t\t\t\t<img width=\"269\" height=\"270\" src=\"https:\/\/mediacine.club\/wp-content\/uploads\/2022\/03\/LOGO-LAURIERS-2022.jpg\" class=\"attachment-large size-large\" alt=\"\" loading=\"lazy\" srcset=\"https:\/\/mediacine.club\/wp-content\/uploads\/2022\/03\/LOGO-LAURIERS-2022.jpg 269w, https:\/\/mediacine.club\/wp-content\/uploads\/2022\/03\/LOGO-LAURIERS-2022-150x150.jpg 150w\" sizes=\"(max-width: 269px) 100vw, 269px\" \/>\t\t\t\t\t\t\t\t<\/a>\n\t\t\t\t\t\t\t\t\t\t\t\t\t\t\t<\/div>\n\t\t\t\t<\/div>\n\t\t\t\t<div class=\"elementor-element elementor-element-989a693 elementor-widget elementor-widget-image\" data-id=\"989a693\" data-element_type=\"widget\" data-widget_type=\"image.default\">\n\t\t\t\t<div class=\"elementor-widget-container\">\n\t\t\t\t\t\t\t\t\t\t\t\t\t\t\t\t<a href=\"https:\/\/mediacine.club\/?page_id=1600\">\n\t\t\t\t\t\t\t<img width=\"269\" height=\"270\" src=\"https:\/\/mediacine.club\/wp-content\/uploads\/2022\/03\/LOGO-LAURIERS-2016.jpg\" class=\"attachment-large size-large\" alt=\"\" loading=\"lazy\" srcset=\"https:\/\/mediacine.club\/wp-content\/uploads\/2022\/03\/LOGO-LAURIERS-2016.jpg 269w, https:\/\/mediacine.club\/wp-content\/uploads\/2022\/03\/LOGO-LAURIERS-2016-150x150.jpg 150w\" sizes=\"(max-width: 269px) 100vw, 269px\" \/>\t\t\t\t\t\t\t\t<\/a>\n\t\t\t\t\t\t\t\t\t\t\t\t\t\t\t<\/div>\n\t\t\t\t<\/div>\n\t\t\t\t\t<\/div>\n\t\t<\/div>\n\t\t\t\t<div class=\"elementor-column elementor-col-20 elementor-top-column elementor-element elementor-element-e1dbb2f\" data-id=\"e1dbb2f\" data-element_type=\"column\">\n\t\t\t<div class=\"elementor-widget-wrap\">\n\t\t\t\t\t\t\t\t\t<\/div>\n\t\t<\/div>\n\t\t\t\t\t\t\t<\/div>\n\t\t<\/section>\n\t\t\t\t\t\t<\/div>\n\t\t\t\t\t<\/div>\n\t\t","protected":false},"excerpt":{"rendered":"<p>Pourquoi \u00ab&nbsp;Les Lauriers du Cin\u00e9ma&nbsp;\u00bb ? Le Club&hellip;<\/p>\n","protected":false},"author":2,"featured_media":0,"parent":0,"menu_order":0,"comment_status":"closed","ping_status":"closed","template":"elementor_header_footer","meta":[],"_links":{"self":[{"href":"https:\/\/mediacine.club\/index.php?rest_route=\/wp\/v2\/pages\/800"}],"collection":[{"href":"https:\/\/mediacine.club\/index.php?rest_route=\/wp\/v2\/pages"}],"about":[{"href":"https:\/\/mediacine.club\/index.php?rest_route=\/wp\/v2\/types\/page"}],"author":[{"embeddable":true,"href":"https:\/\/mediacine.club\/index.php?rest_route=\/wp\/v2\/users\/2"}],"replies":[{"embeddable":true,"href":"https:\/\/mediacine.club\/index.php?rest_route=%2Fwp%2Fv2%2Fcomments&post=800"}],"version-history":[{"count":110,"href":"https:\/\/mediacine.club\/index.php?rest_route=\/wp\/v2\/pages\/800\/revisions"}],"predecessor-version":[{"id":3101,"href":"https:\/\/mediacine.club\/index.php?rest_route=\/wp\/v2\/pages\/800\/revisions\/3101"}],"wp:attachment":[{"href":"https:\/\/mediacine.club\/index.php?rest_route=%2Fwp%2Fv2%2Fmedia&parent=800"}],"curies":[{"name":"wp","href":"https:\/\/api.w.org\/{rel}","templated":true}]}}