{"id":1089,"date":"2022-02-25T12:03:50","date_gmt":"2022-02-25T11:03:50","guid":{"rendered":"https:\/\/mediacine.club\/?page_id=1089"},"modified":"2023-05-03T20:03:07","modified_gmt":"2023-05-03T18:03:07","slug":"1089-2","status":"publish","type":"page","link":"https:\/\/mediacine.club\/?page_id=1089","title":{"rendered":"Notre vocation"},"content":{"rendered":"\t\t<div data-elementor-type=\"wp-page\" data-elementor-id=\"1089\" class=\"elementor elementor-1089\" data-elementor-settings=\"[]\">\n\t\t\t\t\t\t\t<div class=\"elementor-section-wrap\">\n\t\t\t\t\t\t\t<section class=\"elementor-section elementor-top-section elementor-element elementor-element-8f9c8cd elementor-section-boxed elementor-section-height-default elementor-section-height-default\" data-id=\"8f9c8cd\" data-element_type=\"section\">\n\t\t\t\t\t\t<div class=\"elementor-container elementor-column-gap-default\">\n\t\t\t\t\t<div class=\"elementor-column elementor-col-50 elementor-top-column elementor-element elementor-element-c7bdcb2\" data-id=\"c7bdcb2\" data-element_type=\"column\">\n\t\t\t<div class=\"elementor-widget-wrap elementor-element-populated\">\n\t\t\t\t\t\t\t\t<div class=\"elementor-element elementor-element-5c96fdb elementor-widget elementor-widget-text-editor\" data-id=\"5c96fdb\" data-element_type=\"widget\" data-widget_type=\"text-editor.default\">\n\t\t\t\t<div class=\"elementor-widget-container\">\n\t\t\t<style>\/*! elementor - v3.5.6 - 28-02-2022 *\/\n.elementor-widget-text-editor.elementor-drop-cap-view-stacked .elementor-drop-cap{background-color:#818a91;color:#fff}.elementor-widget-text-editor.elementor-drop-cap-view-framed .elementor-drop-cap{color:#818a91;border:3px solid;background-color:transparent}.elementor-widget-text-editor:not(.elementor-drop-cap-view-default) .elementor-drop-cap{margin-top:8px}.elementor-widget-text-editor:not(.elementor-drop-cap-view-default) .elementor-drop-cap-letter{width:1em;height:1em}.elementor-widget-text-editor .elementor-drop-cap{float:left;text-align:center;line-height:1;font-size:50px}.elementor-widget-text-editor .elementor-drop-cap-letter{display:inline-block}<\/style>\t\t\t\t<p style=\"box-sizing: inherit; font-family: Lato, sans-serif; font-size: 18px; font-style: normal; font-weight: 400; color: #3d3d3d;\">Il existe une relation passionnelle entre les professionnels du Cin\u00e9ma et les Journalistes du Cin\u00e9ma. Les uns sont les artisans d\u2019\u00e9motions inoubliables, sans lesquelles nous ne pourrions tout simplement pas vivre\u2026<br><br style=\"box-sizing: inherit;\">Les autres, garants d\u2019une d\u00e9ontologie parfois difficile \u00e0 porter, doivent au public une analyse critique et objective.<\/p>\n<p style=\"box-sizing: inherit; font-family: Lato, sans-serif; font-style: normal; font-weight: 400; margin-bottom: 2rem; color: rgb(61, 61, 61);\"><span style=\"font-size: 18px;\">C\u2019est sur la base de cette \u00e9quation, mais aussi sur l\u2019admiration et l\u2019affection r\u00e9elles que portent au cin\u00e9ma les journalistes et critiques, que le Club M\u00e9dia Cin\u00e9 a \u00e9t\u00e9 cr\u00e9\u00e9 et s\u00e9lectionne chaque ann\u00e9e depuis 2015 les douze films qui concourent au titre du Grand Prix des Journalistes du Club M\u00e9dia Cin\u00e9.&nbsp;<br><\/span><span style=\"font-family: Lato, sans-serif; font-style: normal; font-weight: 400;\"><span style=\"font-size: 18px;\"><br><\/span><span style=\"font-size: 1rem;\">Merci \u00e0 eux et Vive le Cin\u00e9ma&nbsp;!<\/span><\/span><\/p>\n<p style=\"box-sizing: inherit; font-family: Lato, sans-serif; color: rgb(61, 61, 61);\"><b style=\"font-style: normal;\">Alexandre LICHAN &#8211; <\/b><i>Co-Fondateur<\/i><\/p>\t\t\t\t\t\t<\/div>\n\t\t\t\t<\/div>\n\t\t\t\t\t<\/div>\n\t\t<\/div>\n\t\t\t\t<div class=\"elementor-column elementor-col-50 elementor-top-column elementor-element elementor-element-e8d2439\" data-id=\"e8d2439\" data-element_type=\"column\">\n\t\t\t<div class=\"elementor-widget-wrap elementor-element-populated\">\n\t\t\t\t\t\t\t\t<div class=\"elementor-element elementor-element-64eeead elementor-widget elementor-widget-image\" data-id=\"64eeead\" data-element_type=\"widget\" data-widget_type=\"image.default\">\n\t\t\t\t<div class=\"elementor-widget-container\">\n\t\t\t<style>\/*! elementor - v3.5.6 - 28-02-2022 *\/\n.elementor-widget-image{text-align:center}.elementor-widget-image a{display:inline-block}.elementor-widget-image a img[src$=\".svg\"]{width:48px}.elementor-widget-image img{vertical-align:middle;display:inline-block}<\/style>\t\t\t\t\t\t\t\t\t\t\t\t<img width=\"640\" height=\"480\" src=\"https:\/\/mediacine.club\/wp-content\/uploads\/2022\/02\/alexandre_cannes2017.jpg\" class=\"attachment-large size-large\" alt=\"\" loading=\"lazy\" srcset=\"https:\/\/mediacine.club\/wp-content\/uploads\/2022\/02\/alexandre_cannes2017.jpg 640w, https:\/\/mediacine.club\/wp-content\/uploads\/2022\/02\/alexandre_cannes2017-300x225.jpg 300w\" sizes=\"(max-width: 640px) 100vw, 640px\" \/>\t\t\t\t\t\t\t\t\t\t\t\t\t\t\t<\/div>\n\t\t\t\t<\/div>\n\t\t\t\t\t<\/div>\n\t\t<\/div>\n\t\t\t\t\t\t\t<\/div>\n\t\t<\/section>\n\t\t\t\t<section class=\"elementor-section elementor-top-section elementor-element elementor-element-7784e8c elementor-section-boxed elementor-section-height-default elementor-section-height-default\" data-id=\"7784e8c\" data-element_type=\"section\">\n\t\t\t\t\t\t<div class=\"elementor-container elementor-column-gap-default\">\n\t\t\t\t\t<div class=\"elementor-column elementor-col-100 elementor-top-column elementor-element elementor-element-9b8b6c0\" data-id=\"9b8b6c0\" data-element_type=\"column\">\n\t\t\t<div class=\"elementor-widget-wrap elementor-element-populated\">\n\t\t\t\t\t\t\t\t<div class=\"elementor-element elementor-element-32e2df4 elementor-widget elementor-widget-spacer\" data-id=\"32e2df4\" data-element_type=\"widget\" data-widget_type=\"spacer.default\">\n\t\t\t\t<div class=\"elementor-widget-container\">\n\t\t\t\t\t<div class=\"elementor-spacer\">\n\t\t\t<div class=\"elementor-spacer-inner\"><\/div>\n\t\t<\/div>\n\t\t\t\t<\/div>\n\t\t\t\t<\/div>\n\t\t\t\t\t<\/div>\n\t\t<\/div>\n\t\t\t\t\t\t\t<\/div>\n\t\t<\/section>\n\t\t\t\t<section class=\"elementor-section elementor-top-section elementor-element elementor-element-38c0b82 elementor-section-boxed elementor-section-height-default elementor-section-height-default\" data-id=\"38c0b82\" data-element_type=\"section\">\n\t\t\t\t\t\t<div class=\"elementor-container elementor-column-gap-default\">\n\t\t\t\t\t<div class=\"elementor-column elementor-col-50 elementor-top-column elementor-element elementor-element-318f8a9\" data-id=\"318f8a9\" data-element_type=\"column\">\n\t\t\t<div class=\"elementor-widget-wrap elementor-element-populated\">\n\t\t\t\t\t\t\t\t<div class=\"elementor-element elementor-element-9d93e14 elementor-aspect-ratio-169 elementor-widget elementor-widget-video\" data-id=\"9d93e14\" data-element_type=\"widget\" data-settings=\"{&quot;youtube_url&quot;:&quot;https:\\\/\\\/youtu.be\\\/BshDJMZ94mQ&quot;,&quot;video_type&quot;:&quot;youtube&quot;,&quot;controls&quot;:&quot;yes&quot;,&quot;aspect_ratio&quot;:&quot;169&quot;}\" data-widget_type=\"video.default\">\n\t\t\t\t<div class=\"elementor-widget-container\">\n\t\t\t<style>\/*! elementor - v3.5.6 - 28-02-2022 *\/\n.elementor-widget-video .elementor-widget-container{overflow:hidden;-webkit-transform:translateZ(0);transform:translateZ(0)}.elementor-widget-video .elementor-open-inline .elementor-custom-embed-image-overlay{position:absolute;top:0;left:0;width:100%;height:100%;-webkit-background-size:cover;background-size:cover;background-position:50%}.elementor-widget-video .elementor-custom-embed-image-overlay{cursor:pointer;text-align:center}.elementor-widget-video .elementor-custom-embed-image-overlay:hover .elementor-custom-embed-play i{opacity:1}.elementor-widget-video .elementor-custom-embed-image-overlay img{display:block;width:100%}.elementor-widget-video .e-hosted-video .elementor-video{-o-object-fit:cover;object-fit:cover}<\/style>\t\t<div class=\"elementor-wrapper elementor-fit-aspect-ratio elementor-open-inline\">\n\t\t\t<div class=\"elementor-video\"><\/div>\t\t<\/div>\n\t\t\t\t<\/div>\n\t\t\t\t<\/div>\n\t\t\t\t\t<\/div>\n\t\t<\/div>\n\t\t\t\t<div class=\"elementor-column elementor-col-50 elementor-top-column elementor-element elementor-element-1a2c7e2\" data-id=\"1a2c7e2\" data-element_type=\"column\">\n\t\t\t<div class=\"elementor-widget-wrap elementor-element-populated\">\n\t\t\t\t\t\t\t\t<div class=\"elementor-element elementor-element-fa8df98 elementor-widget elementor-widget-text-editor\" data-id=\"fa8df98\" data-element_type=\"widget\" data-widget_type=\"text-editor.default\">\n\t\t\t\t<div class=\"elementor-widget-container\">\n\t\t\t\t\t\t\t<p style=\"box-sizing: inherit; font-family: Lato, sans-serif; color: rgb(61, 61, 61);\"><span style=\"font-weight: 400; font-size: 18px;\">Un club de journalistes de cin\u00e9ma est n\u00e9.<\/span><br><span style=\"font-weight: 400; font-size: 18px;\">Pourquoi faudrait il une raison pour agir et se faire plaisir ?<\/span><br><span style=\"font-weight: 400; font-size: 18px;\">L\u2019envie de r\u00e9unir les grands noms des critiques du cin\u00e9ma pour \u00e9changer, se rencontrer, se conna\u00eetre, d\u00e9guster ensemble un bon repas, rire, se confondre en arguments subjectifs sur un m\u00eame film, \u00eatre fiers d\u2019appartenir \u00e0 un club qui coopte un confr\u00e8re ou une consoeur, se rendre compte avec joie que l\u2019on peut aussi parler d\u2019autre chose que du cin\u00e9ma, remettre un prix, voil\u00e0 quelques bonnes raisons pour avoir cr\u00e9\u00e9 le Club M\u00e9dia Cin\u00e9.<\/span><br><span style=\"font-weight: 400; font-size: 18px;\">Depuis 17 ans dans ce m\u00e9tier, oh mon dieu d\u00e9j\u00e0&nbsp;!!! je me l\u00e8ve tous les matins avec le sourire et le bonheur de dire je vais travailler, je vais voir un film.<br><\/span><span style=\"font-family: Lato, sans-serif; box-sizing: inherit;\"><span style=\"font-size: 16px;\"><i style=\"font-style: normal;\"><b><br>Sophie DULAC &#8211;<\/b><\/i><i style=\"font-weight: 400; font-style: normal;\">&nbsp;<\/i><\/span><\/span><em style=\"font-family: Lato, sans-serif; font-size: 16px; box-sizing: inherit;\">P<\/em><em style=\"font-weight: 400; font-family: Lato, sans-serif; font-size: 16px; box-sizing: inherit;\">r\u00e9sidente d\u2019honneur&nbsp;<\/em><\/p>\t\t\t\t\t\t<\/div>\n\t\t\t\t<\/div>\n\t\t\t\t\t<\/div>\n\t\t<\/div>\n\t\t\t\t\t\t\t<\/div>\n\t\t<\/section>\n\t\t\t\t\t\t<\/div>\n\t\t\t\t\t<\/div>\n\t\t","protected":false},"excerpt":{"rendered":"<p>Il existe une relation passionnelle entre les professionnels&hellip;<\/p>\n","protected":false},"author":2,"featured_media":0,"parent":0,"menu_order":0,"comment_status":"closed","ping_status":"closed","template":"elementor_header_footer","meta":[],"_links":{"self":[{"href":"https:\/\/mediacine.club\/index.php?rest_route=\/wp\/v2\/pages\/1089"}],"collection":[{"href":"https:\/\/mediacine.club\/index.php?rest_route=\/wp\/v2\/pages"}],"about":[{"href":"https:\/\/mediacine.club\/index.php?rest_route=\/wp\/v2\/types\/page"}],"author":[{"embeddable":true,"href":"https:\/\/mediacine.club\/index.php?rest_route=\/wp\/v2\/users\/2"}],"replies":[{"embeddable":true,"href":"https:\/\/mediacine.club\/index.php?rest_route=%2Fwp%2Fv2%2Fcomments&post=1089"}],"version-history":[{"count":24,"href":"https:\/\/mediacine.club\/index.php?rest_route=\/wp\/v2\/pages\/1089\/revisions"}],"predecessor-version":[{"id":2240,"href":"https:\/\/mediacine.club\/index.php?rest_route=\/wp\/v2\/pages\/1089\/revisions\/2240"}],"wp:attachment":[{"href":"https:\/\/mediacine.club\/index.php?rest_route=%2Fwp%2Fv2%2Fmedia&parent=1089"}],"curies":[{"name":"wp","href":"https:\/\/api.w.org\/{rel}","templated":true}]}}